{"id":17694,"date":"2021-08-30T00:08:21","date_gmt":"2021-08-30T07:08:21","guid":{"rendered":"https:\/\/www.tutorettes.com\/inicio\/"},"modified":"2026-03-02T21:29:27","modified_gmt":"2026-03-03T05:29:27","slug":"inicio","status":"publish","type":"page","link":"https:\/\/www.tutorettes.com\/es\/","title":{"rendered":"Inicio"},"content":{"rendered":"<div class=\"wpb-content-wrapper\"><p>[vc_row][vc_column width=&#8221;1\/3&#8243;][vc_column_text]\u00bfAlguna vez has querido aprender sobre ciertos temas que son dif\u00edciles de encontrar en la educaci\u00f3n regular? \u00bfQuiz\u00e1s necesitas una experiencia m\u00e1s personalizada? \u00bfTal vez todo lo que necesita es hacer un par de preguntas y algo de espacio y la tutor\u00eda adecuada para adquirir pr\u00e1ctica? Somos la mejor opci\u00f3n para ti.<\/p>\n<p><a href=\"https:\/\/www.tutorettes.com\/es\/compras\/enrolate\/\">Inscr\u00edbete ahora<\/a> y encuentra la Tutorette que puede ayudarte a crecer para que puedas alcanzar tus metas.[\/vc_column_text][\/vc_column][vc_column width=&#8221;2\/3&#8243;][vc_single_image image=&#8221;15865&#8243; img_size=&#8221;full&#8221; alignment=&#8221;center&#8221; full_width=&#8221;yes&#8221; animation=&#8221;animate-when-almost-visible&#8221;][\/vc_column][\/vc_row][vc_row][vc_column width=&#8221;2\/3&#8243;][vc_images_carousel images=&#8221;15871,15866,15868&#8243; img_size=&#8221;full&#8221; speed=&#8221;2000&#8243; autoplay=&#8221;yes&#8221; animation=&#8221;animate-when-almost-visible&#8221;][\/vc_column][vc_column width=&#8221;1\/3&#8243;][vc_column_text]<\/p>\n<h2>\u00a1Estamos en una misi\u00f3n!<\/h2>\n<p>Una vez que crecemos, nuestra noci\u00f3n de educaci\u00f3n cambia, el aprendizaje se vuelve m\u00e1s dif\u00edcil y en ocasiones, inaceptable, la memoria subconsciente recuerda incidentes del pasado, vemos las deficiencias en las instituciones, incluso las fallas de las personas, tambi\u00e9n somos muy conscientes de nuestras propias imperfecciones y esta combinaci\u00f3n nos vuelve inseguros, inc\u00f3modos, reactivos.<\/p>\n<p>Es nuestro objetivo el cambiar todo esto y queremos hacerlo NO de una manera revolucionaria, como todos parecen estarlo haciendo. Ya que nunca podemos ir en contra de la naturaleza, pensamos que la forma m\u00e1s saludable es seguir lo b\u00e1sico, seguimos la correlaci\u00f3n natural como cuando una madre cuida de su hijo, esto queda impreso en nuestra esencia m\u00e1s primitiva por lo que es f\u00e1cil de aceptar y seguir, adem\u00e1s el instinto de crianza natural de una mujer aumenta el efecto positivo, por lo que cuando se elabora una f\u00f3rmula como esta, surge un sistema de aprendizaje c\u00f3modo, autom\u00e1tico y muy eficiente que brinda beneficio en todas direcciones.[\/vc_column_text][\/vc_column][\/vc_row]<\/p>\n<\/div>","protected":false},"excerpt":{"rendered":"<p>[vc_row][vc_column width=&#8221;1\/3&#8243;][vc_column_text]\u00bfAlguna vez has querido aprender sobre ciertos temas que son dif\u00edciles de encontrar en la educaci\u00f3n regular? \u00bfQuiz\u00e1s necesitas una experiencia m\u00e1s personalizada? \u00bfTal vez todo lo que necesita es hacer un par de preguntas y algo de espacio y la tutor\u00eda adecuada para adquirir pr\u00e1ctica? Somos la mejor opci\u00f3n para ti. Inscr\u00edbete ahora y encuentra la Tutorette que [&hellip;]<\/p>\n","protected":false},"author":7,"featured_media":0,"parent":0,"menu_order":0,"comment_status":"closed","ping_status":"closed","template":"","meta":{"pmpro_default_level":"","footnotes":""},"class_list":["post-17694","page","type-page","status-publish","hentry","pmpro-has-access"],"yoast_head":"<!-- This site is optimized with the Yoast SEO Premium plugin v27.0 (Yoast SEO v27.4) - https:\/\/yoast.com\/product\/yoast-seo-premium-wordpress\/ -->\n<title>Inicio &#187; Tutorettes<\/title>\n<meta name=\"robots\" content=\"index, follow, max-snippet:-1, max-image-preview:large, max-video-preview:-1\" \/>\n<link rel=\"canonical\" href=\"https:\/\/www.tutorettes.com\/\" \/>\n<meta property=\"og:locale\" content=\"es_ES\" \/>\n<meta property=\"og:type\" content=\"article\" \/>\n<meta property=\"og:title\" content=\"Inicio\" \/>\n<meta property=\"og:description\" content=\"[vc_row][vc_column width=&#8221;1\/3&#8243;][vc_column_text]\u00bfAlguna vez has querido aprender sobre ciertos temas que son dif\u00edciles de encontrar en la educaci\u00f3n regular? \u00bfQuiz\u00e1s necesitas una experiencia m\u00e1s personalizada? \u00bfTal vez todo lo que necesita es hacer un par de preguntas y algo de espacio y la tutor\u00eda adecuada para adquirir pr\u00e1ctica? Somos la mejor opci\u00f3n para ti. Inscr\u00edbete ahora y encuentra la Tutorette que [&hellip;]\" \/>\n<meta property=\"og:url\" content=\"https:\/\/www.tutorettes.com\/\" \/>\n<meta property=\"og:site_name\" content=\"Tutorettes\" \/>\n<meta property=\"article:publisher\" content=\"https:\/\/www.facebook.com\/ThinkFeelConnect\/\" \/>\n<meta property=\"article:modified_time\" content=\"2026-03-03T05:29:27+00:00\" \/>\n<meta name=\"twitter:card\" content=\"summary_large_image\" \/>\n<meta name=\"twitter:label1\" content=\"Tiempo de lectura\" \/>\n\t<meta name=\"twitter:data1\" content=\"2 minutos\" \/>\n<script type=\"application\/ld+json\" class=\"yoast-schema-graph\">{\"@context\":\"https:\\\/\\\/schema.org\",\"@graph\":[{\"@type\":\"WebPage\",\"@id\":\"https:\\\/\\\/www.tutorettes.com\\\/\",\"url\":\"https:\\\/\\\/www.tutorettes.com\\\/\",\"name\":\"Inicio &#187; Tutorettes\",\"isPartOf\":{\"@id\":\"https:\\\/\\\/www.tutorettes.com\\\/#website\"},\"datePublished\":\"2021-08-30T07:08:21+00:00\",\"dateModified\":\"2026-03-03T05:29:27+00:00\",\"breadcrumb\":{\"@id\":\"https:\\\/\\\/www.tutorettes.com\\\/#breadcrumb\"},\"inLanguage\":\"es\",\"potentialAction\":[{\"@type\":\"ReadAction\",\"target\":[\"https:\\\/\\\/www.tutorettes.com\\\/\"]}]},{\"@type\":\"BreadcrumbList\",\"@id\":\"https:\\\/\\\/www.tutorettes.com\\\/#breadcrumb\",\"itemListElement\":[{\"@type\":\"ListItem\",\"position\":1,\"name\":\"Home\",\"item\":\"https:\\\/\\\/www.tutorettes.com\\\/\"},{\"@type\":\"ListItem\",\"position\":2,\"name\":\"Inicio\"}]},{\"@type\":\"WebSite\",\"@id\":\"https:\\\/\\\/www.tutorettes.com\\\/#website\",\"url\":\"https:\\\/\\\/www.tutorettes.com\\\/\",\"name\":\"Tutorettes\",\"description\":\"Words touch deeper than hands\",\"publisher\":{\"@id\":\"https:\\\/\\\/www.tutorettes.com\\\/#organization\"},\"potentialAction\":[{\"@type\":\"SearchAction\",\"target\":{\"@type\":\"EntryPoint\",\"urlTemplate\":\"https:\\\/\\\/www.tutorettes.com\\\/?s={search_term_string}\"},\"query-input\":{\"@type\":\"PropertyValueSpecification\",\"valueRequired\":true,\"valueName\":\"search_term_string\"}}],\"inLanguage\":\"es\"},{\"@type\":\"Organization\",\"@id\":\"https:\\\/\\\/www.tutorettes.com\\\/#organization\",\"name\":\"Tutorettes\",\"url\":\"https:\\\/\\\/www.tutorettes.com\\\/\",\"logo\":{\"@type\":\"ImageObject\",\"inLanguage\":\"es\",\"@id\":\"https:\\\/\\\/www.tutorettes.com\\\/#\\\/schema\\\/logo\\\/image\\\/\",\"url\":\"https:\\\/\\\/www.tutorettes.com\\\/wp-content\\\/uploads\\\/2019\\\/10\\\/tutoretteslogo2018retina526width.png\",\"contentUrl\":\"https:\\\/\\\/www.tutorettes.com\\\/wp-content\\\/uploads\\\/2019\\\/10\\\/tutoretteslogo2018retina526width.png\",\"width\":526,\"height\":216,\"caption\":\"Tutorettes\"},\"image\":{\"@id\":\"https:\\\/\\\/www.tutorettes.com\\\/#\\\/schema\\\/logo\\\/image\\\/\"},\"sameAs\":[\"https:\\\/\\\/www.facebook.com\\\/ThinkFeelConnect\\\/\"]}]}<\/script>\n<!-- \/ Yoast SEO Premium plugin. -->","yoast_head_json":{"title":"Inicio &#187; Tutorettes","robots":{"index":"index","follow":"follow","max-snippet":"max-snippet:-1","max-image-preview":"max-image-preview:large","max-video-preview":"max-video-preview:-1"},"canonical":"https:\/\/www.tutorettes.com\/","og_locale":"es_ES","og_type":"article","og_title":"Inicio","og_description":"[vc_row][vc_column width=&#8221;1\/3&#8243;][vc_column_text]\u00bfAlguna vez has querido aprender sobre ciertos temas que son dif\u00edciles de encontrar en la educaci\u00f3n regular? \u00bfQuiz\u00e1s necesitas una experiencia m\u00e1s personalizada? \u00bfTal vez todo lo que necesita es hacer un par de preguntas y algo de espacio y la tutor\u00eda adecuada para adquirir pr\u00e1ctica? Somos la mejor opci\u00f3n para ti. Inscr\u00edbete ahora y encuentra la Tutorette que [&hellip;]","og_url":"https:\/\/www.tutorettes.com\/","og_site_name":"Tutorettes","article_publisher":"https:\/\/www.facebook.com\/ThinkFeelConnect\/","article_modified_time":"2026-03-03T05:29:27+00:00","twitter_card":"summary_large_image","twitter_misc":{"Tiempo de lectura":"2 minutos"},"schema":{"@context":"https:\/\/schema.org","@graph":[{"@type":"WebPage","@id":"https:\/\/www.tutorettes.com\/","url":"https:\/\/www.tutorettes.com\/","name":"Inicio &#187; Tutorettes","isPartOf":{"@id":"https:\/\/www.tutorettes.com\/#website"},"datePublished":"2021-08-30T07:08:21+00:00","dateModified":"2026-03-03T05:29:27+00:00","breadcrumb":{"@id":"https:\/\/www.tutorettes.com\/#breadcrumb"},"inLanguage":"es","potentialAction":[{"@type":"ReadAction","target":["https:\/\/www.tutorettes.com\/"]}]},{"@type":"BreadcrumbList","@id":"https:\/\/www.tutorettes.com\/#breadcrumb","itemListElement":[{"@type":"ListItem","position":1,"name":"Home","item":"https:\/\/www.tutorettes.com\/"},{"@type":"ListItem","position":2,"name":"Inicio"}]},{"@type":"WebSite","@id":"https:\/\/www.tutorettes.com\/#website","url":"https:\/\/www.tutorettes.com\/","name":"Tutorettes","description":"Words touch deeper than hands","publisher":{"@id":"https:\/\/www.tutorettes.com\/#organization"},"potentialAction":[{"@type":"SearchAction","target":{"@type":"EntryPoint","urlTemplate":"https:\/\/www.tutorettes.com\/?s={search_term_string}"},"query-input":{"@type":"PropertyValueSpecification","valueRequired":true,"valueName":"search_term_string"}}],"inLanguage":"es"},{"@type":"Organization","@id":"https:\/\/www.tutorettes.com\/#organization","name":"Tutorettes","url":"https:\/\/www.tutorettes.com\/","logo":{"@type":"ImageObject","inLanguage":"es","@id":"https:\/\/www.tutorettes.com\/#\/schema\/logo\/image\/","url":"https:\/\/www.tutorettes.com\/wp-content\/uploads\/2019\/10\/tutoretteslogo2018retina526width.png","contentUrl":"https:\/\/www.tutorettes.com\/wp-content\/uploads\/2019\/10\/tutoretteslogo2018retina526width.png","width":526,"height":216,"caption":"Tutorettes"},"image":{"@id":"https:\/\/www.tutorettes.com\/#\/schema\/logo\/image\/"},"sameAs":["https:\/\/www.facebook.com\/ThinkFeelConnect\/"]}]}},"_links":{"self":[{"href":"https:\/\/www.tutorettes.com\/es\/wp-json\/wp\/v2\/pages\/17694","targetHints":{"allow":["GET"]}}],"collection":[{"href":"https:\/\/www.tutorettes.com\/es\/wp-json\/wp\/v2\/pages"}],"about":[{"href":"https:\/\/www.tutorettes.com\/es\/wp-json\/wp\/v2\/types\/page"}],"author":[{"embeddable":true,"href":"https:\/\/www.tutorettes.com\/es\/wp-json\/wp\/v2\/users\/7"}],"replies":[{"embeddable":true,"href":"https:\/\/www.tutorettes.com\/es\/wp-json\/wp\/v2\/comments?post=17694"}],"version-history":[{"count":5,"href":"https:\/\/www.tutorettes.com\/es\/wp-json\/wp\/v2\/pages\/17694\/revisions"}],"predecessor-version":[{"id":21925,"href":"https:\/\/www.tutorettes.com\/es\/wp-json\/wp\/v2\/pages\/17694\/revisions\/21925"}],"wp:attachment":[{"href":"https:\/\/www.tutorettes.com\/es\/wp-json\/wp\/v2\/media?parent=17694"}],"curies":[{"name":"wp","href":"https:\/\/api.w.org\/{rel}","templated":true}]}}